{"id":1294,"date":"2017-04-13T15:55:13","date_gmt":"2017-04-13T13:55:13","guid":{"rendered":"https:\/\/videoactivism.net\/?page_id=1294"},"modified":"2021-11-28T13:26:06","modified_gmt":"2021-11-28T11:26:06","slug":"activists","status":"publish","type":"page","link":"https:\/\/videoactivism.net\/de\/activists\/","title":{"rendered":"Videoaktivismus \/ Aktivistische Gruppen und Netzwerke"},"content":{"rendered":"<p><div class=\"fusion-fullwidth fullwidth-box fusion-builder-row-2 hundred-percent-fullwidth non-hundred-percent-height-scrolling\"  style='background-color: #ffffff;background-position: center center;background-repeat: no-repeat;padding-top:0px;padding-right:0px;padding-bottom:0px;padding-left:0px;'><div class=\"fusion-builder-row fusion-row \"><div  class=\"fusion-layout-column fusion_builder_column fusion_builder_column_1_1 fusion-builder-column-2 fusion-one-full fusion-column-first fusion-column-last fusion-column-no-min-height 1_1\"  style='margin-top:0px;margin-bottom:0px;'><div class=\"fusion-column-wrapper\" style=\"padding: 0px 0px 0px 0px;background-position:left top;background-repeat:no-repeat;-webkit-background-size:cover;-moz-background-size:cover;-o-background-size:cover;background-size:cover;\"   data-bg-url=\"\"><div class=\"fusion-text\"><h6>Cyber- und Videoaktivimus w\u00e4chst gegenw\u00e4rtig stetig und schnell. Hier finden Sie eine Auswahl aktueller aktivistischer Gruppen und Produzenten.<\/h6>\n<h5><\/h5>\n<\/div><div class=\"fusion-clearfix\"><\/div><\/div><\/div><div  class=\"fusion-layout-column fusion_builder_column fusion_builder_column_1_1 fusion-builder-column-3 fusion-one-full fusion-column-first fusion-column-last fusion-column-no-min-height 1_1\"  style='margin-top:0px;margin-bottom:0px;'><div class=\"fusion-column-wrapper\" style=\"padding: 0px 0px 0px 0px;background-position:left top;background-repeat:no-repeat;-webkit-background-size:cover;-moz-background-size:cover;-o-background-size:cover;background-size:cover;\"   data-bg-url=\"\"><ul class=\"fusion-checklist fusion-checklist-2\" style=\"font-size:14px;line-height:23.8px;\"><li class=\"fusion-li-item\"><span style=\"height:23.8px;width:23.8px;margin-right:9.8px;\" class=\"icon-wrapper circle-no\"><i class=\"fusion-li-icon fa-terminal fas\" style=\"color:#5e5e5e;\"><\/i><\/span><div class=\"fusion-li-item-content\" style=\"margin-left:33.6px;\"><a href=\"https:\/\/wwwwwwwwwwwwwwwwwwwwww.bitnik.org\/c\/\" target=\"_blank\" rel=\"noopener noreferrer\">!Mediengruppe Bitnik<\/a> \/ K\u00fcnstlerkollektiv, u.a. Arbeit gegen Kamera\u00fcberwachung<\/div><\/li><li class=\"fusion-li-item\"><span style=\"height:23.8px;width:23.8px;margin-right:9.8px;\" class=\"icon-wrapper circle-no\"><i class=\"fusion-li-icon fa-terminal fas\" style=\"color:#5e5e5e;\"><\/i><\/span><div class=\"fusion-li-item-content\" style=\"margin-left:33.6px;\"><a href=\"http:\/\/yougeha.tumblr.com\/\" target=\"_blank\" rel=\"noopener noreferrer\">#YouGeHa<\/a> \/ Antirassistische videoaktivistische Gruppe<\/div><\/li><li class=\"fusion-li-item\"><span style=\"height:23.8px;width:23.8px;margin-right:9.8px;\" class=\"icon-wrapper circle-no\"><i class=\"fusion-li-icon fa-terminal fas\" style=\"color:#5e5e5e;\"><\/i><\/span><div class=\"fusion-li-item-content\" style=\"margin-left:33.6px;\"><a href=\"http:\/\/www.abounaddara.com\/\" target=\"_blank\" rel=\"noopener noreferrer\">abounadarra film collective<\/a><\/div><\/li><li class=\"fusion-li-item\"><span style=\"height:23.8px;width:23.8px;margin-right:9.8px;\" class=\"icon-wrapper circle-no\"><i class=\"fusion-li-icon fa-terminal fas\" style=\"color:#5e5e5e;\"><\/i><\/span><div class=\"fusion-li-item-content\" style=\"margin-left:33.6px;\">\n<p><a href=\"https:\/\/www.actvism.org\" target=\"_blank\" rel=\"noopener noreferrer\">acTVism Munich e.V.<\/a> \/ Gemeinn\u00fctziges Nachrichtenportal<\/p>\n<\/div><\/li><li class=\"fusion-li-item\"><span style=\"height:23.8px;width:23.8px;margin-right:9.8px;\" class=\"icon-wrapper circle-no\"><i class=\"fusion-li-icon fa-terminal fas\" style=\"color:#5e5e5e;\"><\/i><\/span><div class=\"fusion-li-item-content\" style=\"margin-left:33.6px;\"><a href=\"http:\/\/www.videowerkstatt.de\" target=\"_blank\" rel=\"noopener noreferrer\">autofocus Videowerkstatt<\/a> \/ Produktion und Vertrieb politischer Dokumentarfilme sowie Beratung f\u00fcr Aktivisten<\/div><\/li><li class=\"fusion-li-item\"><span style=\"height:23.8px;width:23.8px;margin-right:9.8px;\" class=\"icon-wrapper circle-no\"><i class=\"fusion-li-icon fa-terminal fas\" style=\"color:#5e5e5e;\"><\/i><\/span><div class=\"fusion-li-item-content\" style=\"margin-left:33.6px;\">\n<p><a href=\"https:\/\/bak.ma\/\" target=\"_blank\" rel=\"noopener noreferrer\">bak.ma<\/a> \/ Digitales Medienarchiv Sozialer Bewegungen in der T\u00fcrkei<\/p>\n<\/div><\/li><li class=\"fusion-li-item\"><span style=\"height:23.8px;width:23.8px;margin-right:9.8px;\" class=\"icon-wrapper circle-no\"><i class=\"fusion-li-icon fa-terminal fas\" style=\"color:#5e5e5e;\"><\/i><\/span><div class=\"fusion-li-item-content\" style=\"margin-left:33.6px;\">\n<p><a href=\"https:\/\/breadtube.tv\">BreadTube.tv <\/a>\u00a0alternativ: <a href=\"https:\/\/www.reddit.com\/r\/BreadTube\/\" target=\"_blank\" rel=\"noopener noreferrer\">r\/BreadTube<\/a> \/ Kollaborative linke Videoplattform<\/p>\n<div class=\"\"><\/div>\n<\/div><\/li><li class=\"fusion-li-item\"><span style=\"height:23.8px;width:23.8px;margin-right:9.8px;\" class=\"icon-wrapper circle-no\"><i class=\"fusion-li-icon fa-terminal fas\" style=\"color:#5e5e5e;\"><\/i><\/span><div class=\"fusion-li-item-content\" style=\"margin-left:33.6px;\"><a href=\"https:\/\/thebobs.com\/deutsch\/\" target=\"_blank\" rel=\"noopener noreferrer\">BOBS-Award: Best of Online Activism<\/a><\/div><\/li><li class=\"fusion-li-item\"><span style=\"height:23.8px;width:23.8px;margin-right:9.8px;\" class=\"icon-wrapper circle-no\"><i class=\"fusion-li-icon fa-terminal fas\" style=\"color:#5e5e5e;\"><\/i><\/span><div class=\"fusion-li-item-content\" style=\"margin-left:33.6px;\"><a href=\"http:\/\/www.btselem.org\/video\/about-btselem-video\" target=\"_blank\" rel=\"noopener noreferrer\">B&#8217;TSELEM<\/a> \/ Videos zum Israel-Pal\u00e4stina-Konflikt<\/div><\/li><li class=\"fusion-li-item\"><span style=\"height:23.8px;width:23.8px;margin-right:9.8px;\" class=\"icon-wrapper circle-no\"><i class=\"fusion-li-icon fa-terminal fas\" style=\"color:#5e5e5e;\"><\/i><\/span><div class=\"fusion-li-item-content\" style=\"margin-left:33.6px;\"><a href=\"http:\/\/www.cinerebelde.org\/\" target=\"_blank\" rel=\"noopener noreferrer\">Cine Rebelde<\/a> \/ Produktion und Distribution aktivistischer Videos<\/div><\/li><li class=\"fusion-li-item\"><span style=\"height:23.8px;width:23.8px;margin-right:9.8px;\" class=\"icon-wrapper circle-no\"><i class=\"fusion-li-icon fa-terminal fas\" style=\"color:#5e5e5e;\"><\/i><\/span><div class=\"fusion-li-item-content\" style=\"margin-left:33.6px;\"><a href=\"https:\/\/www.cross-point.tv\" target=\"_blank\" rel=\"noopener noreferrer\">Crosspoint <\/a>\/ Videoaktivistische Gruppe, Schwerpunkt: Migration und Refugees<\/div><\/li><li class=\"fusion-li-item\"><span style=\"height:23.8px;width:23.8px;margin-right:9.8px;\" class=\"icon-wrapper circle-no\"><i class=\"fusion-li-icon fa-terminal fas\" style=\"color:#5e5e5e;\"><\/i><\/span><div class=\"fusion-li-item-content\" style=\"margin-left:33.6px;\">\n<p><a href=\"https:\/\/www.engagemedia.org\/about-us\">EngageMedia <\/a>\/ Non-Profit, welches Videoaktivisten mit Tools, Skillsharing und Verbindungen zu Medienanstalten unterst\u00fctzt. Unterh\u00e4lt au\u00dferdem die Advocacy-Videoplattform <a href=\"http:\/\/engagemedia.org\/\">EngageMedia.org<\/a><\/p>\n<\/div><\/li><li class=\"fusion-li-item\"><span style=\"height:23.8px;width:23.8px;margin-right:9.8px;\" class=\"icon-wrapper circle-no\"><i class=\"fusion-li-icon fa-terminal fas\" style=\"color:#5e5e5e;\"><\/i><\/span><div class=\"fusion-li-item-content\" style=\"margin-left:33.6px;\"><a href=\"https:\/\/www.filmpiraten.org\" target=\"_blank\" rel=\"noopener noreferrer\">Filmpiraten <\/a>\/ fGraswurzeljournalismus aus Erfurt<\/div><\/li><li class=\"fusion-li-item\"><span style=\"height:23.8px;width:23.8px;margin-right:9.8px;\" class=\"icon-wrapper circle-no\"><i class=\"fusion-li-icon fa-terminal fas\" style=\"color:#5e5e5e;\"><\/i><\/span><div class=\"fusion-li-item-content\" style=\"margin-left:33.6px;\"><a href=\"https:\/\/www.youtube.com\/user\/freundeskreisvideo\/about\" target=\"_blank\" rel=\"noopener noreferrer\">Freundeskreis Videoclips<\/a> \/ Kanal und Medieninitiative mit reger Berichterstattung zu deutschen und europ\u00e4ischen Protestaktionen und Kundgebungen<\/div><\/li><li class=\"fusion-li-item\"><span style=\"height:23.8px;width:23.8px;margin-right:9.8px;\" class=\"icon-wrapper circle-no\"><i class=\"fusion-li-icon fa-terminal fas\" style=\"color:#5e5e5e;\"><\/i><\/span><div class=\"fusion-li-item-content\" style=\"margin-left:33.6px;\"><a href=\"http:\/\/www.graswurzel.tv\/\" target=\"_blank\" rel=\"noopener noreferrer\">GraswurzelTV <\/a>\/ Video-Journalismus aus der Perspektive sozialer Bewegungen<\/div><\/li><li class=\"fusion-li-item\"><span style=\"height:23.8px;width:23.8px;margin-right:9.8px;\" class=\"icon-wrapper circle-no\"><i class=\"fusion-li-icon fa-terminal fas\" style=\"color:#5e5e5e;\"><\/i><\/span><div class=\"fusion-li-item-content\" style=\"margin-left:33.6px;\"><a href=\"http:\/\/www.hologramasporlalibertad.org\/en.html#home\" target=\"_blank\" rel=\"noopener noreferrer\">Holograms for Freedom<\/a><\/div><\/li><li class=\"fusion-li-item\"><span style=\"height:23.8px;width:23.8px;margin-right:9.8px;\" class=\"icon-wrapper circle-no\"><i class=\"fusion-li-icon fa-terminal fas\" style=\"color:#5e5e5e;\"><\/i><\/span><div class=\"fusion-li-item-content\" style=\"margin-left:33.6px;\"><a href=\"http:\/\/inhabitants-tv.org\/about.html\">inhabitants <\/a>\/ Channel f\u00fcr experimentelle dokumentarische Formate<\/div><\/li><li class=\"fusion-li-item\"><span style=\"height:23.8px;width:23.8px;margin-right:9.8px;\" class=\"icon-wrapper circle-no\"><i class=\"fusion-li-icon fa-terminal fas\" style=\"color:#5e5e5e;\"><\/i><\/span><div class=\"fusion-li-item-content\" style=\"margin-left:33.6px;\"><a href=\"https:\/\/de.indymedia.org\/video\" target=\"_blank\" rel=\"noopener noreferrer\">Indymedia<\/a> \/ Portal mit Videoaufrufen und Informationen zu Kundgebungen<\/div><\/li><li class=\"fusion-li-item\"><span style=\"height:23.8px;width:23.8px;margin-right:9.8px;\" class=\"icon-wrapper circle-no\"><i class=\"fusion-li-icon fa-terminal fas\" style=\"color:#5e5e5e;\"><\/i><\/span><div class=\"fusion-li-item-content\" style=\"margin-left:33.6px;\"><a href=\"http:\/\/www.insightshare.org\/\" target=\"_blank\" rel=\"noopener noreferrer\">Insightshare <\/a>\/ Ausbildung und Ausstattung lokaler Aktivisten weltweit. Fokus: Sharing Knowledge.<\/div><\/li><li class=\"fusion-li-item\"><span style=\"height:23.8px;width:23.8px;margin-right:9.8px;\" class=\"icon-wrapper circle-no\"><i class=\"fusion-li-icon fa-terminal fas\" style=\"color:#5e5e5e;\"><\/i><\/span><div class=\"fusion-li-item-content\" style=\"margin-left:33.6px;\"><a href=\"http:\/\/kanalb.org\/\" target=\"_blank\" rel=\"noopener noreferrer\">KanalB<\/a> \/ Alternativer Fernsehkanal<\/div><\/li><li class=\"fusion-li-item\"><span style=\"height:23.8px;width:23.8px;margin-right:9.8px;\" class=\"icon-wrapper circle-no\"><i class=\"fusion-li-icon fa-terminal fas\" style=\"color:#5e5e5e;\"><\/i><\/span><div class=\"fusion-li-item-content\" style=\"margin-left:33.6px;\"><a href=\"https:\/\/vimeo.com\/kazimkizil\" target=\"_blank\" rel=\"noopener noreferrer\">KAZIM KIZIL<\/a> \/ Vimeo-Channel des inhaftierten t\u00fcrkischen Videoaktivsten Kazim Kizil<\/div><\/li><li class=\"fusion-li-item\"><span style=\"height:23.8px;width:23.8px;margin-right:9.8px;\" class=\"icon-wrapper circle-no\"><i class=\"fusion-li-icon fa-terminal fas\" style=\"color:#5e5e5e;\"><\/i><\/span><div class=\"fusion-li-item-content\" style=\"margin-left:33.6px;\"><a href=\"http:\/\/www.labournet.de\/\" target=\"_blank\" rel=\"noopener noreferrer\">Labournet<\/a> \/ Linke Organisation mit dem Schwerpunkt Arbeit<\/div><\/li><li class=\"fusion-li-item\"><span style=\"height:23.8px;width:23.8px;margin-right:9.8px;\" class=\"icon-wrapper circle-no\"><i class=\"fusion-li-icon fa-terminal fas\" style=\"color:#5e5e5e;\"><\/i><\/span><div class=\"fusion-li-item-content\" style=\"margin-left:33.6px;\"><a href=\"https:\/\/www.leftvision.de\/\" target=\"_blank\" rel=\"noopener noreferrer\">Leftvision<\/a> \/ Videoaufnahmen linker Interventionen und Aktionen<\/div><\/li><li class=\"fusion-li-item\"><span style=\"height:23.8px;width:23.8px;margin-right:9.8px;\" class=\"icon-wrapper circle-no\"><i class=\"fusion-li-icon fa-terminal fas\" style=\"color:#5e5e5e;\"><\/i><\/span><div class=\"fusion-li-item-content\" style=\"margin-left:33.6px;\"><a href=\"http:\/\/letsstay.de\/\" target=\"_blank\" rel=\"noopener noreferrer\">Let&#8217;s Stay<\/a> \/ YouTube-Kanal, auf dem Gefl\u00fcchtete aus ihrem Leben erz\u00e4hlen<\/div><\/li><li class=\"fusion-li-item\"><span style=\"height:23.8px;width:23.8px;margin-right:9.8px;\" class=\"icon-wrapper circle-no\"><i class=\"fusion-li-icon fa-terminal fas\" style=\"color:#5e5e5e;\"><\/i><\/span><div class=\"fusion-li-item-content\" style=\"margin-left:33.6px;\">\n<p><a class=\"\" href=\"https:\/\/means.tv\" target=\"_blank\" rel=\"noopener noreferrer\" data-auth=\"NotApplicable\">Means TV\u00a0<\/a> \/ Kooperativ betriebener Streamingdienst<\/p>\n<\/div><\/li><li class=\"fusion-li-item\"><span style=\"height:23.8px;width:23.8px;margin-right:9.8px;\" class=\"icon-wrapper circle-no\"><i class=\"fusion-li-icon fa-terminal fas\" style=\"color:#5e5e5e;\"><\/i><\/span><div class=\"fusion-li-item-content\" style=\"margin-left:33.6px;\"><a href=\"https:\/\/mediamobilizing.org\/\" target=\"_blank\" rel=\"noopener noreferrer\">Media Mobilizing Project<\/a> \/ Know-How f\u00fcr Video-Aktivisten (USA)<\/div><\/li><li class=\"fusion-li-item\"><span style=\"height:23.8px;width:23.8px;margin-right:9.8px;\" class=\"icon-wrapper circle-no\"><i class=\"fusion-li-icon fa-terminal fas\" style=\"color:#5e5e5e;\"><\/i><\/span><div class=\"fusion-li-item-content\" style=\"margin-left:33.6px;\">\n<p><a href=\"https:\/\/medienkollektivfrankfurt.net\/\">Medienkollektiv Frankfurt<\/a> \/ Emanzipatorisches und solidarisches Medienkollektiv aus Frankfurt a. M.<\/p>\n<\/div><\/li><li class=\"fusion-li-item\"><span style=\"height:23.8px;width:23.8px;margin-right:9.8px;\" class=\"icon-wrapper circle-no\"><i class=\"fusion-li-icon fa-terminal fas\" style=\"color:#5e5e5e;\"><\/i><\/span><div class=\"fusion-li-item-content\" style=\"margin-left:33.6px;\"><a href=\"https:\/\/www.nadir.org\/nadir\/initiativ\/videoactivism\/\" target=\"_blank\" rel=\"noopener noreferrer\">nadir.org<\/a> \/ Webportal eines Netzwerks deutscher Videoaktivisten<\/div><\/li><li class=\"fusion-li-item\"><span style=\"height:23.8px;width:23.8px;margin-right:9.8px;\" class=\"icon-wrapper circle-no\"><i class=\"fusion-li-icon fa-terminal fas\" style=\"color:#5e5e5e;\"><\/i><\/span><div class=\"fusion-li-item-content\" style=\"margin-left:33.6px;\">\n<div class=\"\"><a class=\"\" href=\"https:\/\/novaramedia.com\" target=\"_blank\" rel=\"noopener noreferrer\" data-auth=\"NotApplicable\">Novara Media<\/a> \/ Politischer Journalismus, alternative Medienorganisation<\/div>\n<div class=\"\"><\/div>\n<\/div><\/li><li class=\"fusion-li-item\"><span style=\"height:23.8px;width:23.8px;margin-right:9.8px;\" class=\"icon-wrapper circle-no\"><i class=\"fusion-li-icon fa-terminal fas\" style=\"color:#5e5e5e;\"><\/i><\/span><div class=\"fusion-li-item-content\" style=\"margin-left:33.6px;\"><a href=\"https:\/\/vimeo.com\/occupycinema\" target=\"_blank\" rel=\"noopener noreferrer\">occupycinema<\/a> \/ Ein Videokanal aus der Occupy-Bewegung<\/div><\/li><li class=\"fusion-li-item\"><span style=\"height:23.8px;width:23.8px;margin-right:9.8px;\" class=\"icon-wrapper circle-no\"><i class=\"fusion-li-icon fa-terminal fas\" style=\"color:#5e5e5e;\"><\/i><\/span><div class=\"fusion-li-item-content\" style=\"margin-left:33.6px;\"><a href=\"https:\/\/pen.gg\/de\" target=\"_blank\" rel=\"noopener noreferrer\">Peng! Collective<\/a> \/ disruptive, subversive Aktionskunst und Gegen-PR<\/div><\/li><li class=\"fusion-li-item\"><span style=\"height:23.8px;width:23.8px;margin-right:9.8px;\" class=\"icon-wrapper circle-no\"><i class=\"fusion-li-icon fa-terminal fas\" style=\"color:#5e5e5e;\"><\/i><\/span><div class=\"fusion-li-item-content\" style=\"margin-left:33.6px;\"><a href=\"http:\/\/radicalfilmnetwork.com\/\" target=\"_blank\" rel=\"noopener noreferrer\">Radical Film Network<\/a><\/div><\/li><li class=\"fusion-li-item\"><span style=\"height:23.8px;width:23.8px;margin-right:9.8px;\" class=\"icon-wrapper circle-no\"><i class=\"fusion-li-icon fa-terminal fas\" style=\"color:#5e5e5e;\"><\/i><\/span><div class=\"fusion-li-item-content\" style=\"margin-left:33.6px;\"><a href=\"http:\/\/www.scribe.org\/\" target=\"_blank\" rel=\"noopener noreferrer\">Scribe Video Center<\/a> \/ Videoaktivistische Ausbildung f\u00fcr lokale Communities (USA)<\/div><\/li><li class=\"fusion-li-item\"><span style=\"height:23.8px;width:23.8px;margin-right:9.8px;\" class=\"icon-wrapper circle-no\"><i class=\"fusion-li-icon fa-terminal fas\" style=\"color:#5e5e5e;\"><\/i><\/span><div class=\"fusion-li-item-content\" style=\"margin-left:33.6px;\"><a href=\"http:\/\/sendika.org\/kategori\/english\/\" target=\"_blank\" rel=\"noopener noreferrer\">Sendika.org<\/a> \/ T\u00fcrkische linksaktivistische Online-Nachrichtenplattform, die zum Haupt\u00fcbertrager der Gezi Park Proteste wurde und zur Zeit stark mit staatlicher Zensur zu k\u00e4mpfen hat<\/div><\/li><li class=\"fusion-li-item\"><span style=\"height:23.8px;width:23.8px;margin-right:9.8px;\" class=\"icon-wrapper circle-no\"><i class=\"fusion-li-icon fa-terminal fas\" style=\"color:#5e5e5e;\"><\/i><\/span><div class=\"fusion-li-item-content\" style=\"margin-left:33.6px;\"><a href=\"http:\/\/story4good.com\/\" target=\"_blank\" rel=\"noopener noreferrer\">story4good<\/a> \/ Maike Gosch, Storytelling-Consultant f\u00fcr NGOs<\/div><\/li><li class=\"fusion-li-item\"><span style=\"height:23.8px;width:23.8px;margin-right:9.8px;\" class=\"icon-wrapper circle-no\"><i class=\"fusion-li-icon fa-terminal fas\" style=\"color:#5e5e5e;\"><\/i><\/span><div class=\"fusion-li-item-content\" style=\"margin-left:33.6px;\"><a href=\"https:\/\/syrianarchive.org\/\" target=\"_blank\" rel=\"noopener noreferrer\">Syrian Archive<\/a> \/ Archiviert Videos mit Beweischarakter zum syrischen B\u00fcrgerkrieg<\/div><\/li><li class=\"fusion-li-item\"><span style=\"height:23.8px;width:23.8px;margin-right:9.8px;\" class=\"icon-wrapper circle-no\"><i class=\"fusion-li-icon fa-terminal fas\" style=\"color:#5e5e5e;\"><\/i><\/span><div class=\"fusion-li-item-content\" style=\"margin-left:33.6px;\"><a href=\"https:\/\/tacticaltech.org\/\" target=\"_blank\" rel=\"noopener noreferrer\">Tactical Technology Collective Berlin<\/a><\/div><\/li><li class=\"fusion-li-item\"><span style=\"height:23.8px;width:23.8px;margin-right:9.8px;\" class=\"icon-wrapper circle-no\"><i class=\"fusion-li-icon fa-terminal fas\" style=\"color:#5e5e5e;\"><\/i><\/span><div class=\"fusion-li-item-content\" style=\"margin-left:33.6px;\">\n<div class=\"\"><a class=\"\" href=\"https:\/\/www.youtube.com\/channel\/UCCT8a7d6S6RJUivBgNRsiYg\" target=\"_blank\" rel=\"noopener noreferrer\" data-auth=\"NotApplicable\">Three Arrows<\/a> \/ Antifaschistischer YouTube-Channel<\/div>\n<\/div><\/li><li class=\"fusion-li-item\"><span style=\"height:23.8px;width:23.8px;margin-right:9.8px;\" class=\"icon-wrapper circle-no\"><i class=\"fusion-li-icon fa-terminal fas\" style=\"color:#5e5e5e;\"><\/i><\/span><div class=\"fusion-li-item-content\" style=\"margin-left:33.6px;\"><a href=\"https:\/\/nuitdebout.fr\/\" target=\"_blank\" rel=\"noopener noreferrer\">TV Debout<\/a> \/ Der Kanal der franz\u00f6sischen Protestbewegung \u201eNuit Debout\u201c<\/div><\/li><li class=\"fusion-li-item\"><span style=\"height:23.8px;width:23.8px;margin-right:9.8px;\" class=\"icon-wrapper circle-no\"><i class=\"fusion-li-icon fa-terminal fas\" style=\"color:#5e5e5e;\"><\/i><\/span><div class=\"fusion-li-item-content\" style=\"margin-left:33.6px;\"><a href=\"https:\/\/www.youtube.com\/user\/utopietv\/\" target=\"_blank\" rel=\"noopener noreferrer\">utopieTV<\/a> \/ Videoaktivistische Gruppe aus Deutschland<\/div><\/li><li class=\"fusion-li-item\"><span style=\"height:23.8px;width:23.8px;margin-right:9.8px;\" class=\"icon-wrapper circle-no\"><i class=\"fusion-li-icon fa-terminal fas\" style=\"color:#5e5e5e;\"><\/i><\/span><div class=\"fusion-li-item-content\" style=\"margin-left:33.6px;\"><a href=\"https:\/\/www.hmkv.de\/programm\/videos_des_monats.php\" target=\"_blank\" rel=\"noopener noreferrer\">Videos des Monats<\/a> des HMKV Hartware MedienKunstVerein<\/div><\/li><li class=\"fusion-li-item\"><span style=\"height:23.8px;width:23.8px;margin-right:9.8px;\" class=\"icon-wrapper circle-no\"><i class=\"fusion-li-icon fa-terminal fas\" style=\"color:#5e5e5e;\"><\/i><\/span><div class=\"fusion-li-item-content\" style=\"margin-left:33.6px;\"><a href=\"http:\/\/www.videreonline.org\/\" target=\"_blank\" rel=\"noopener noreferrer\">Videre (UK)<\/a> \/ NGO. Liefert Know-How und Technik f\u00fcr Aktivisten in Krisengebieten weltweit.<\/div><\/li><li class=\"fusion-li-item\"><span style=\"height:23.8px;width:23.8px;margin-right:9.8px;\" class=\"icon-wrapper circle-no\"><i class=\"fusion-li-icon fa-terminal fas\" style=\"color:#5e5e5e;\"><\/i><\/span><div class=\"fusion-li-item-content\" style=\"margin-left:33.6px;\"><a href=\"http:\/\/www.viralvideoaward.com\/\" target=\"_blank\" rel=\"noopener noreferrer\">Viral Video Award\u00a0<\/a>\/ ehrten bis 2014 j\u00e4hrlich erfolgreiches virales Videomarketing<\/div><\/li><li class=\"fusion-li-item\"><span style=\"height:23.8px;width:23.8px;margin-right:9.8px;\" class=\"icon-wrapper circle-no\"><i class=\"fusion-li-icon fa-terminal fas\" style=\"color:#5e5e5e;\"><\/i><\/span><div class=\"fusion-li-item-content\" style=\"margin-left:33.6px;\"><a href=\"https:\/\/wientv.org\/\" target=\"_blank\" rel=\"noopener noreferrer\">WienTV.org<\/a> (\u00d6sterreich) \/ Alternativer Nachrichten-Sender aus \u00d6sterreich<\/div><\/li><li class=\"fusion-li-item\"><span style=\"height:23.8px;width:23.8px;margin-right:9.8px;\" class=\"icon-wrapper circle-no\"><i class=\"fusion-li-icon fa-terminal fas\" style=\"color:#5e5e5e;\"><\/i><\/span><div class=\"fusion-li-item-content\" style=\"margin-left:33.6px;\"><a href=\"https:\/\/witness.org\/\" target=\"_blank\" rel=\"noopener noreferrer\">witness.org<\/a> \/ Internetauftritt der Human-Rights-Watch Organisation witness mit zahlreichen Anleitungen und Unterst\u00fctzungen f\u00fcr Videoaktivisten<\/div><\/li><li class=\"fusion-li-item\"><span style=\"height:23.8px;width:23.8px;margin-right:9.8px;\" class=\"icon-wrapper circle-no\"><i class=\"fusion-li-icon fa-terminal fas\" style=\"color:#5e5e5e;\"><\/i><\/span><div class=\"fusion-li-item-content\" style=\"margin-left:33.6px;\">\n<p><a href=\"https:\/\/www.politicalbeauty.de\/\" target=\"_blank\" rel=\"noopener noreferrer\">Zentrum f\u00fcr Politische Sch\u00f6nheit <\/a>\/ Medienwirksame politische Aktionen und Aktionstheater<\/p>\n<\/div><\/li><\/ul><div class=\"fusion-clearfix\"><\/div><\/div><\/div><\/div><\/div><\/p>","protected":false},"excerpt":{"rendered":"","protected":false},"author":9,"featured_media":0,"parent":0,"menu_order":5,"comment_status":"closed","ping_status":"closed","template":"","meta":[],"_links":{"self":[{"href":"https:\/\/videoactivism.net\/de\/wp-json\/wp\/v2\/pages\/1294"}],"collection":[{"href":"https:\/\/videoactivism.net\/de\/wp-json\/wp\/v2\/pages"}],"about":[{"href":"https:\/\/videoactivism.net\/de\/wp-json\/wp\/v2\/types\/page"}],"author":[{"embeddable":true,"href":"https:\/\/videoactivism.net\/de\/wp-json\/wp\/v2\/users\/9"}],"replies":[{"embeddable":true,"href":"https:\/\/videoactivism.net\/de\/wp-json\/wp\/v2\/comments?post=1294"}],"version-history":[{"count":36,"href":"https:\/\/videoactivism.net\/de\/wp-json\/wp\/v2\/pages\/1294\/revisions"}],"predecessor-version":[{"id":2838,"href":"https:\/\/videoactivism.net\/de\/wp-json\/wp\/v2\/pages\/1294\/revisions\/2838"}],"wp:attachment":[{"href":"https:\/\/videoactivism.net\/de\/wp-json\/wp\/v2\/media?parent=1294"}],"curies":[{"name":"wp","href":"https:\/\/api.w.org\/{rel}","templated":true}]}}