{"id":1902,"date":"2018-10-14T23:13:07","date_gmt":"2018-10-14T21:13:07","guid":{"rendered":"https:\/\/videoactivism.net\/?page_id=1902"},"modified":"2019-07-31T18:19:06","modified_gmt":"2019-07-31T16:19:06","slug":"bewegungsbilder","status":"publish","type":"page","link":"https:\/\/videoactivism.net\/de\/bewegungsbilder\/","title":{"rendered":"Das Vorg\u00e4ngerprojekt &#8222;Bewegungsbilder 2.0&#8243;"},"content":{"rendered":"<p><div class=\"fusion-fullwidth fullwidth-box fusion-builder-row-2 hundred-percent-fullwidth non-hundred-percent-height-scrolling\"  style='background-color: #ffffff;background-position: center center;background-repeat: no-repeat;padding-top:0px;padding-right:0px;padding-bottom:0px;padding-left:0px;'><div class=\"fusion-builder-row fusion-row \"><div  data-animationType=bounce data-animationDuration=0.1 data-animationOffset=100% class=\"fusion-layout-column fusion_builder_column fusion_builder_column_1_1 fusion-builder-column-3 fusion-one-full fusion-column-first fusion-column-last fusion-animated 1_1\"  style='margin-top:5%;margin-bottom:5%;'><div class=\"fusion-column-wrapper\" style=\"padding: 0px 0px 0px 0px;background-position:left top;background-repeat:no-repeat;-webkit-background-size:cover;-moz-background-size:cover;-o-background-size:cover;background-size:cover;\"   data-bg-url=\"\"><div class=\"fusion-text\"><h6 style=\"text-align: left;\">Unser <a href=\"https:\/\/videoactivism.net\/about\/\">gegenw\u00e4rtiges Projekt<\/a> baut auf Ergebnissen des 2016 &#8211; 2018 durch die VolkswagenStiftung gef\u00f6rderten &#8222;Bewegungsbilder 2.0&#8220; auf.\u00a0Das Vorg\u00e4ngerprojekt widmete sich dem neuen Gegenstand des Video\u00adaktivismus 2.0 zwischen Online- und Offline-<wbr \/>\u00d6ffentlichkeiten, Social Media und Social Movements. Es arbeitete das Formen- und Praxisspektrum aktivistischer Netzvideos systematisch auf und entwickelte eine Typologie des Video\u00adaktivismus, seiner \u00e4sthetischen und rhetorischen Praktiken sowie seiner medialen und soziokulturellen Umgebungen.<\/h6>\n<\/div><div class=\"fusion-clearfix\"><\/div><\/div><\/div><div  data-animationType=bounce data-animationDuration=0.1 data-animationOffset=100% class=\"fusion-layout-column fusion_builder_column fusion_builder_column_2_3 fusion-builder-column-4 fusion-two-third fusion-column-first fusion-animated 2_3\"  style='margin-top:0px;margin-bottom:20px;width:65.3333%; margin-right: 4%;'><div class=\"fusion-column-wrapper\" style=\"padding: 0px 0px 0px 0px;background-position:left top;background-repeat:no-repeat;-webkit-background-size:cover;-moz-background-size:cover;-o-background-size:cover;background-size:cover;\"   data-bg-url=\"\"><div class=\"fusion-text\"><p>Web-Dokumentationen wie UNDER THE DOME \u00fcber die Umwelt\u00adverschmutzung in China, \u201aCitizen Evidence\u2018-Videos wie jene \u00fcber die Polizeigewalt in den USA, Kampagnenfilme wie KONY 2012 \u00fcber einen zentral\u00adafrikanischen Kriegsverbrecher oder Whistleblower-Videos wie das 2010 von WikiLeaks ver\u00f6ffentlichte COLLATERAL MURDER, das die m\u00f6rderischen Angriffe von US-Kampfhub\u00adschraubern aus Sicht der Bordkamera zeigt \u2013 dies sind nur die spektakul\u00e4rsten F\u00e4lle eines neuen zivilgesellschaftlichen Video-Netz-Aktivismus, der sich seit der Entstehung des Web 2.0 weltweit formiert. Mussten bis vor zehn Jahren Videos in einem zeit- und kostenaufw\u00e4ndigen Prozess gedreht, geschnitten und vertrieben werden, erm\u00f6glichen neue Digitalkameras, Filmsoftware, Videoplattformen, Social Media wie Twitter und Live-Streaming-Apps wie Periscope eine einfache, rasche Verbreitung.<\/p>\n<p>Doch nicht erst seit den Propagandavideos von Terrorgruppen und der Hetze mancher YouTuber mehren sich die Zweifel, ob die politische, epistemische und affektive Kraft der neuen Videos im Web 2.0 ausschlie\u00dflich demokratisch-zivilisierender Art ist. In Kriegen und anderen politischen Konflikten entbrennt auch ein Kampf der Videobilder. Viele Videos werden f\u00fcr ihre dramatisierende und verf\u00e4lschende Darstellung oder f\u00fcr kommerzielles Merchandising heftig kritisiert. Gefilmte Demonstranten und Informanten werden mitVerpixelungs-Software notd\u00fcrftig vor Verfolgung gesch\u00fctzt. Mit Verifizierungsportalen und ethischen Richtlinien f\u00fcr Augenzeugenvideos reagieren Menschen\u00adrechts\u00adorganisationen auf die H\u00e4ufung gezielter Desinformationen.<\/p>\n<p>Der neue Video-Netz-Aktivismus wirft damit eine Reihe gesellschaftlich bedeutsamer Fragen auf: Haben wir es mit einer neuen Partizipationsform f\u00fcr aufgekl\u00e4rte \u201aNetizens\u2018 zu tun, einem benutzerfreundlichen Update politischer Gegen\u00f6ffentlichkeit? Oder verl\u00e4uft sich der Videoaktivismus 2.0 in folgenlosem \u201aKlicktivismus\u2019? Bewegen wir uns in einer virtuellen Agora kommunikativen Bildhandelns oder in einer anonymen Arena gegenseitiger Zerfleischung?<\/p>\n<p>Zwischen b\u00fcrgerjournalistischer Vlogosph\u00e4re und YouTube-Kriegen stellt sich die Frage nach dem audio\u00advisuellen Raum der neuen digitalen \u00d6ffentlichkeit. Der blinde Fleck bisheriger medien-, kommunikations- und politikwissenschaftlicher Forschung zum Gegenstand liegt dabei ausgerechnet im Bild selbst: Die politischen Videos, ihre Typen und Themen, ihre Genres und \u00c4sthetiken, ihre rhetorischen Strategien und affektiven Wirkungspotenziale, ihre transmedialen und inter\u00adtextuellen Bez\u00fcge, ihre historischen Vorl\u00e4ufer und Vorbilder kamen bislang nicht in den Blick. Systematische Analysen ihres Formenspektrums fehlen ebenso wie eine Reflexion ihrer Produktionskontexte.<\/p>\n<p>Das Projekt erschlie\u00dft dieses Forschungsfeld, indem es folgenden Fragen nachgeht: Wie ver\u00e4ndern sich im neuen Video\u00adaktivismus politische und dokumentarische Praktiken? Welche neuartigen \u00c4sthetiken, narrativen Modi und affektiven Rhetoriken bringt er hervor? Wie werden die spezifischen M\u00f6glichkeiten des Audiovisuellen hinsichtlich der Erzeugung von Evidenz, Erkenntnis und Emotionen genutzt? Welche Normen und Konventionen der Darstellung und Argumentation bilden sich heraus? F\u00fchren Tendenzen der Personalisierung und Emotionalisierung zu einem konsumierbaren Konformismus des Politischen? Andererseits: Laufen eing\u00e4ngige Formen automatisch auf Manipulation hinaus? Bef\u00f6rdert oder hindert die \u201aMacht der Bilder\u2018 die Aufkl\u00e4rung komplexer Sachverhalte? Wie wird Verifikation erm\u00f6glicht oder Authentizit\u00e4t vorget\u00e4uscht? In welchen Medienumgebungen werden die Videos eingebettet, und wie sind sie verlinkt?<\/p>\n<p>Diesen Fragenkomplex wird das Projekt unter genauer Beobachtung aktueller Entwicklungen und im Austausch mit Videoaktivistinnen und Videoaktivisten untersuchen, um erstmals eine \u00dcbersicht \u00fcber das Feld der Bewegungs-Bilder im Web 2.0 zur Verf\u00fcgung zu stellen.<\/p>\n<h6>Unser Projekt ist Teil eines wachsenden offenen Netzwerks und unterh\u00e4lt Verbindungen mit diversen Partnern innerhalb und au\u00dferhalb der Akademie. Zudem arbeiten wir mit\u00a0aktivistischen Gruppen\u00a0und verfolgen deren Videoarbeiten.\u00a0<a href=\"https:\/\/videoactivism.net\/de\/activists_projects\/\">St\u00f6bern Sie in unserer Linkliste und erfahren Sie mehr &gt;<\/a><\/h6>\n<\/div><div class=\"fusion-clearfix\"><\/div><\/div><\/div><div  data-animationType=bounce data-animationDuration=0.1 data-animationOffset=100% class=\"fusion-layout-column fusion_builder_column fusion_builder_column_1_3 fusion-builder-column-5 fusion-one-third fusion-column-last fusion-animated 1_3\"  style='margin-top:0px;margin-bottom:20px;width:30.6666%'><div class=\"fusion-column-wrapper\" style=\"padding: 0px 0px 0px 0px;background-position:left top;background-repeat:no-repeat;-webkit-background-size:cover;-moz-background-size:cover;-o-background-size:cover;background-size:cover;\"   data-bg-url=\"\"><div class=\"fusion-column-content-centered\"><div class=\"fusion-column-content\"><div class=\"imageframe-align-center\"><span class=\"fusion-imageframe imageframe-none imageframe-5 hover-type-none\"><a class=\"fusion-no-lightbox\" href=\"https:\/\/www.medienwissenschaft.uni-bonn.de\/forschung\/laufende-forschungsprojekte-1\/britta-hartmann-aufmerksamkeitsstrategien-des-videoaktivismus-im-social-web-vw-stiftung-beginn-1.10.2018-laufzeit-3-jahre\" target=\"_blank\" aria-label=\"Logo der Universit\u00e4t Bonn\" rel=\"noopener noreferrer\"><img loading=\"lazy\" src=\"https:\/\/videoactivism.net\/wp-content\/uploads\/2018\/10\/UNI_Bonn_Logo_Graustufen_RZ_XL-e1539550091448.png\" width=\"200\" height=\"77\" alt=\"Logo der Universit\u00e4t Bonn\" class=\"img-responsive wp-image-1908\"\/><\/a><\/span><\/div><div class=\"fusion-sep-clear\"><\/div><div class=\"fusion-separator fusion-full-width-sep sep-none\" style=\"margin-left: auto;margin-right: auto;margin-top:100px;\"><\/div><div class=\"imageframe-align-center\"><span class=\"fusion-imageframe imageframe-none imageframe-6 hover-type-none\"><a class=\"fusion-no-lightbox\" href=\"https:\/\/www.fu-berlin.de\/presse\/informationen\/fup\/2018\/fup_18_256-videoaktivismus\/index.html\" target=\"_blank\" aria-label=\"fu-logo\" rel=\"noopener noreferrer\"><img loading=\"lazy\" src=\"https:\/\/videoactivism.net\/wp-content\/uploads\/2016\/07\/fu-logo-e1469135592905.png\" width=\"200\" height=\"53\" alt=\"Logo der Freien Universit\u00e4t Berlin\" class=\"img-responsive wp-image-513\"\/><\/a><\/span><\/div><div class=\"fusion-sep-clear\"><\/div><div class=\"fusion-separator fusion-full-width-sep sep-none\" style=\"margin-left: auto;margin-right: auto;margin-top:100px;\"><\/div><div class=\"imageframe-align-center\"><span class=\"fusion-imageframe imageframe-none imageframe-7 hover-type-none\"><a class=\"fusion-no-lightbox\" href=\"https:\/\/filmuniversitaet.de\/forschung-transfer\/forschung\/projekte\/projektseite\/detail\/aufmerksamkeitsstrategien-des-videoaktivismus-im-social-web\/\" target=\"_blank\" aria-label=\"Logo_der_Filmuniversit\u00e4t_Babelsberg_KONRAD_WOLF\" rel=\"noopener noreferrer\"><img loading=\"lazy\" src=\"https:\/\/videoactivism.net\/wp-content\/uploads\/2017\/02\/320px-Logo_der_Filmuniversit\u00e4t_Babelsberg_KONRAD_WOLF1-e1486318329180.png\" width=\"200\" height=\"59\" alt=\"Logo der Filmuiversit\u00e4t Konrad Wolf\" class=\"img-responsive wp-image-1206\"\/><\/a><\/span><\/div><div class=\"fusion-sep-clear\"><\/div><div class=\"fusion-separator fusion-full-width-sep sep-none\" style=\"margin-left: auto;margin-right: auto;margin-top:100px;\"><\/div><div class=\"fusion-text\"><p style=\"text-align: center;\"><em>gef\u00f6rdert von<\/em><\/p>\n<\/div><div class=\"imageframe-align-center\"><span class=\"fusion-imageframe imageframe-none imageframe-8 hover-type-none\"><a class=\"fusion-no-lightbox\" href=\"https:\/\/www.volkswagenstiftung.de\/aktuelles-presse\/aktuelles\/videoaktivismus-im-social-web-kampf-um-aufmerksamkeit\" target=\"_blank\" aria-label=\"Logo VW Stiftung\" rel=\"noopener noreferrer\"><img loading=\"lazy\" src=\"https:\/\/videoactivism.net\/wp-content\/uploads\/2016\/07\/VWST_rgb_150-e1469134230337.gif\" width=\"200\" height=\"38\" alt=\"Logo der VolkswagenStiftung\" class=\"img-responsive wp-image-534\"\/><\/a><\/span><\/div><\/div><\/div><div class=\"fusion-clearfix\"><\/div><\/div><\/div><div  class=\"fusion-layout-column fusion_builder_column fusion_builder_column_1_1 fusion-builder-column-6 fusion-one-full fusion-column-first fusion-column-last fusion-column-no-min-height 1_1\"  style='margin-top:0px;margin-bottom:0px;'><div class=\"fusion-column-wrapper\" style=\"padding: 0px 0px 0px 0px;background-position:left top;background-repeat:no-repeat;-webkit-background-size:cover;-moz-background-size:cover;-o-background-size:cover;background-size:cover;\"   data-bg-url=\"\"><div class=\"fusion-clearfix\"><\/div><\/div><\/div><\/div><\/div><\/p>","protected":false},"excerpt":{"rendered":"","protected":false},"author":9,"featured_media":0,"parent":0,"menu_order":2,"comment_status":"closed","ping_status":"closed","template":"","meta":[],"_links":{"self":[{"href":"https:\/\/videoactivism.net\/de\/wp-json\/wp\/v2\/pages\/1902"}],"collection":[{"href":"https:\/\/videoactivism.net\/de\/wp-json\/wp\/v2\/pages"}],"about":[{"href":"https:\/\/videoactivism.net\/de\/wp-json\/wp\/v2\/types\/page"}],"author":[{"embeddable":true,"href":"https:\/\/videoactivism.net\/de\/wp-json\/wp\/v2\/users\/9"}],"replies":[{"embeddable":true,"href":"https:\/\/videoactivism.net\/de\/wp-json\/wp\/v2\/comments?post=1902"}],"version-history":[{"count":11,"href":"https:\/\/videoactivism.net\/de\/wp-json\/wp\/v2\/pages\/1902\/revisions"}],"predecessor-version":[{"id":2125,"href":"https:\/\/videoactivism.net\/de\/wp-json\/wp\/v2\/pages\/1902\/revisions\/2125"}],"wp:attachment":[{"href":"https:\/\/videoactivism.net\/de\/wp-json\/wp\/v2\/media?parent=1902"}],"curies":[{"name":"wp","href":"https:\/\/api.w.org\/{rel}","templated":true}]}}