{"id":279,"date":"2016-06-22T21:47:32","date_gmt":"2016-06-22T19:47:32","guid":{"rendered":"https:\/\/videoactivism.net\/?page_id=279"},"modified":"2021-02-16T13:00:33","modified_gmt":"2021-02-16T11:00:33","slug":"about","status":"publish","type":"page","link":"https:\/\/videoactivism.net\/de\/about\/","title":{"rendered":"\u00dcber das Projekt"},"content":{"rendered":"<p><div class=\"fusion-fullwidth fullwidth-box fusion-builder-row-2 hundred-percent-fullwidth non-hundred-percent-height-scrolling\"  style='background-color: #ffffff;background-position: center center;background-repeat: no-repeat;padding-top:0px;padding-right:0px;padding-bottom:0px;padding-left:0px;margin-top: 5%;'><div class=\"fusion-builder-row fusion-row \"><div  data-animationType=bounce data-animationDuration=0.1 data-animationOffset=100% class=\"fusion-layout-column fusion_builder_column fusion_builder_column_2_3 fusion-builder-column-3 fusion-two-third fusion-column-first fusion-animated 2_3\"  style='margin-top:0px;margin-bottom:20px;width:65.3333%; margin-right: 4%;'><div class=\"fusion-column-wrapper\" style=\"padding: 0px 0px 0px 0px;background-position:left top;background-repeat:no-repeat;-webkit-background-size:cover;-moz-background-size:cover;-o-background-size:cover;background-size:cover;\"   data-bg-url=\"\"><div class=\"fusion-text\"><h6 style=\"text-align: left;\">Wie k\u00f6nnen sich politische Videos aus der Zivilgesellschaft im Social Web effektiv gegen die \u00dcbermacht von Werbung, Unterhaltung und Propaganda behaupten? Das untersucht das von der VolkswagenStiftung gef\u00f6rderte Forschungsprojekt\u00a0<em>AUFMERKSAMKEITS<wbr \/>\u00adSTRATEGIEN DES VIDEO<wbr \/>\u00adAKTIVISMUS IM SOCIAL WEB\u00a0<\/em>in Zusammenarbeit\u00a0von FU Berlin, Uni Bonn und Filmuni Babelsberg.<\/h6>\n<\/div><div class=\"fusion-sep-clear\"><\/div><div class=\"fusion-separator fusion-full-width-sep sep-none\" style=\"margin-left: auto;margin-right: auto;margin-top:30px;\"><\/div><div class=\"fusion-text\"><p>Das Forschungsprojekt untersucht die neuartigen Strategien der Gestaltung, Herstellung und Verbreitung politischer Videos, die Aktivist*innen unter den Bedingungen der Aufmerksamkeits\u00f6konomie des Social Web entwickeln. Dazu geh\u00f6ren die Erfindung neuer Videoformen, die Verwendung neuer Technologien und die Bildung neuer Produktionsallianzen. Das Feld des Videoaktivismus kann als besonders aufschlussreicher Fall angesehen werden, an dem sich aktuelle Chancen und Risiken politischer Auseinandersetzung im Social Web deutlich zeigen. Das Ziel des Projekts besteht darin, \u00fcber diese Entwicklungen aufzukl\u00e4ren und zu einer gesteigerten Medienkompetenz beizutragen.<\/p>\n<p>Die <a href=\"https:\/\/www.volkswagenstiftung.de\/\">VolkswagenStiftung<\/a> unterst\u00fctzt das Forschungsprojekt im Rahmen ihrer F\u00f6rderinitiative \u201e<a href=\"https:\/\/www.volkswagenstiftung.de\/unsere-foerderung\/unser-foerderangebot-im-ueberblick\/originalit\u00e4tsverdacht-neue-optionen-f\u00fcr-die-geistes-und-kulturwissenschaften\">Originalit\u00e4tsverdacht? Neue Optionen f\u00fcr die Geistes- und Kulturwissenschaften.<\/a>\u201c<\/p>\n<h6>Unser Projekt ist Teil eines wachsenden offenen Netzwerks und unterh\u00e4lt Verbindungen mit diversen Partnern innerhalb und au\u00dferhalb der Akademie. Zudem arbeiten wir mit\u00a0aktivistischen Gruppen\u00a0und verfolgen deren Videoarbeiten.\u00a0<a href=\"https:\/\/videoactivism.net\/de\/activists_projects\/\">St\u00f6bern Sie in unserer Linkliste und erfahren Sie mehr &gt;<\/a><\/h6>\n<\/div><div class=\"fusion-sep-clear\"><\/div><div class=\"fusion-separator fusion-full-width-sep sep-none\" style=\"margin-left: auto;margin-right: auto;margin-top:50px;\"><\/div><div class=\"fusion-text\"><p>Auf der Suche nach Informationen zum Vorg\u00e4ngerprojekt &#8222;Bewegungsbilder 2.0&#8220; ? Diese finden Sie <a href=\"https:\/\/videoactivism.net\/bewegungsbilder\/\">hier &gt;<\/a><\/p>\n<\/div><div class=\"fusion-clearfix\"><\/div><\/div><\/div><div  data-animationType=bounce data-animationDuration=0.1 data-animationOffset=100% class=\"fusion-layout-column fusion_builder_column fusion_builder_column_1_3 fusion-builder-column-4 fusion-one-third fusion-column-last fusion-animated 1_3\"  style='margin-top:0px;margin-bottom:20px;width:30.6666%'><div class=\"fusion-column-wrapper\" style=\"padding: 0px 0px 0px 0px;background-position:left top;background-repeat:no-repeat;-webkit-background-size:cover;-moz-background-size:cover;-o-background-size:cover;background-size:cover;\"   data-bg-url=\"\"><div class=\"fusion-column-content-centered\"><div class=\"fusion-column-content\"><div class=\"imageframe-align-center\"><span class=\"fusion-imageframe imageframe-none imageframe-5 hover-type-none\"><a class=\"fusion-no-lightbox\" href=\"https:\/\/filmuniversitaet.de\/forschung-transfer\/forschung\/projekte\/projektseite\/detail\/aufmerksamkeitsstrategien-des-videoaktivismus-im-social-web\/\" target=\"_blank\" aria-label=\"Logo Filmuniversit\u00e4t Babelsberg KONRAD_WOLF\" rel=\"noopener noreferrer\"><img loading=\"lazy\" src=\"https:\/\/videoactivism.net\/wp-content\/uploads\/2021\/02\/Logo_der_Filmuniversitaet_Babelsberg_KONRAD_WOLF-1-e1613473150942.png\" width=\"210\" height=\"56\" alt=\"\" class=\"img-responsive wp-image-2721\"\/><\/a><\/span><\/div><div class=\"fusion-sep-clear\"><\/div><div class=\"fusion-separator fusion-full-width-sep sep-none\" style=\"margin-left: auto;margin-right: auto;margin-top:100px;\"><\/div><div class=\"imageframe-align-center\"><span class=\"fusion-imageframe imageframe-none imageframe-6 hover-type-none\"><a class=\"fusion-no-lightbox\" href=\"https:\/\/www.uni-mainz.de\/\" target=\"_blank\" aria-label=\"Johannes Gutenberg Universit\u00e4t Mainz\" rel=\"noopener noreferrer\"><img loading=\"lazy\" src=\"https:\/\/videoactivism.net\/wp-content\/uploads\/2021\/02\/thumbnail_logo_schriftzug-e1613472797399.jpg\" width=\"300\" height=\"100\" alt=\"\" class=\"img-responsive wp-image-2715\"\/><\/a><\/span><\/div><div class=\"fusion-sep-clear\"><\/div><div class=\"fusion-separator fusion-full-width-sep sep-none\" style=\"margin-left: auto;margin-right: auto;margin-top:100px;\"><\/div><div class=\"imageframe-align-center\"><span class=\"fusion-imageframe imageframe-none imageframe-7 hover-type-none\"><a class=\"fusion-no-lightbox\" href=\"https:\/\/www.medienwissenschaft.uni-bonn.de\/forschung\/laufende-forschungsprojekte-1\/britta-hartmann-aufmerksamkeitsstrategien-des-videoaktivismus-im-social-web-vw-stiftung-beginn-1.10.2018-laufzeit-3-jahre\" target=\"_blank\" aria-label=\"Logo Universit\u00e4t Bonn\" rel=\"noopener noreferrer\"><img loading=\"lazy\" src=\"https:\/\/videoactivism.net\/wp-content\/uploads\/2021\/02\/2000px-Universitaet_Bonn.svg-1-e1613472979607.png\" width=\"190\" height=\"73\" alt=\"\" class=\"img-responsive wp-image-2718\"\/><\/a><\/span><\/div><div class=\"fusion-sep-clear\"><\/div><div class=\"fusion-separator fusion-full-width-sep sep-none\" style=\"margin-left: auto;margin-right: auto;margin-top:100px;\"><\/div><div class=\"fusion-text\"><p style=\"text-align: center;\"><em>gef\u00f6rdert von<\/em><\/p>\n<\/div><div class=\"imageframe-align-center\"><span class=\"fusion-imageframe imageframe-none imageframe-8 hover-type-none\"><a class=\"fusion-no-lightbox\" href=\"https:\/\/www.volkswagenstiftung.de\/aktuelles-presse\/aktuelles\/videoaktivismus-im-social-web-kampf-um-aufmerksamkeit\" target=\"_blank\" aria-label=\"Logo VW Stiftung\" rel=\"noopener noreferrer\"><img loading=\"lazy\" src=\"https:\/\/videoactivism.net\/wp-content\/uploads\/2016\/07\/VWST_rgb_150-e1469134230337.gif\" width=\"200\" height=\"38\" alt=\"Logo der VolkswagenStiftung\" class=\"img-responsive wp-image-534\"\/><\/a><\/span><\/div><\/div><\/div><div class=\"fusion-clearfix\"><\/div><\/div><\/div><\/div><\/div><\/p>","protected":false},"excerpt":{"rendered":"","protected":false},"author":9,"featured_media":0,"parent":0,"menu_order":2,"comment_status":"closed","ping_status":"closed","template":"","meta":[],"_links":{"self":[{"href":"https:\/\/videoactivism.net\/de\/wp-json\/wp\/v2\/pages\/279"}],"collection":[{"href":"https:\/\/videoactivism.net\/de\/wp-json\/wp\/v2\/pages"}],"about":[{"href":"https:\/\/videoactivism.net\/de\/wp-json\/wp\/v2\/types\/page"}],"author":[{"embeddable":true,"href":"https:\/\/videoactivism.net\/de\/wp-json\/wp\/v2\/users\/9"}],"replies":[{"embeddable":true,"href":"https:\/\/videoactivism.net\/de\/wp-json\/wp\/v2\/comments?post=279"}],"version-history":[{"count":85,"href":"https:\/\/videoactivism.net\/de\/wp-json\/wp\/v2\/pages\/279\/revisions"}],"predecessor-version":[{"id":2723,"href":"https:\/\/videoactivism.net\/de\/wp-json\/wp\/v2\/pages\/279\/revisions\/2723"}],"wp:attachment":[{"href":"https:\/\/videoactivism.net\/de\/wp-json\/wp\/v2\/media?parent=279"}],"curies":[{"name":"wp","href":"https:\/\/api.w.org\/{rel}","templated":true}]}}