{"id":110,"date":"2016-06-10T19:47:13","date_gmt":"2016-06-10T17:47:13","guid":{"rendered":"https:\/\/videoactivism.net\/?page_id=110"},"modified":"2021-02-11T16:48:33","modified_gmt":"2021-02-11T14:48:33","slug":"impressum","status":"publish","type":"page","link":"https:\/\/videoactivism.net\/en\/about\/impressum\/","title":{"rendered":"Video Activism \/ Legal Notice"},"content":{"rendered":"<p><div class=\"fusion-fullwidth fullwidth-box fusion-builder-row-1 hundred-percent-fullwidth non-hundred-percent-height-scrolling\"  style='background-color: #ffffff;background-position: center center;background-repeat: no-repeat;padding-top:0px;padding-right:0px;padding-bottom:0px;padding-left:0px;'><div class=\"fusion-builder-row fusion-row \"><div  class=\"fusion-layout-column fusion_builder_column fusion_builder_column_1_1 fusion-builder-column-0 fusion-one-full fusion-column-first fusion-column-last fusion-column-no-min-height 1_1\"  style='margin-top:0px;margin-bottom:0px;'><div class=\"fusion-column-wrapper\" style=\"background-position:left top;background-repeat:no-repeat;-webkit-background-size:cover;-moz-background-size:cover;-o-background-size:cover;background-size:cover;\"   data-bg-url=\"\"><div class=\"fusion-builder-row fusion-builder-row-inner fusion-row \"><\/div><div  class=\"fusion-layout-column fusion_builder_column fusion_builder_column_1_5 fusion-builder-nested-column-1 fusion-one-fifth fusion-column-first fusion-no-small-visibility 1_5\"  style='margin-top: 0px;margin-bottom: 20px;'>\n\t\t\t\t\t<div class=\"fusion-column-wrapper fusion-column-wrapper-1\" style=\"background-position:left top;background-repeat:no-repeat;-webkit-background-size:cover;-moz-background-size:cover;-o-background-size:cover;background-size:cover;\" data-bg-url=\"\">\n\t\t\t\t\t\t\n\n\t\t\t\t\t<\/div>\n\t\t\t\t<\/div> <div class=\"fusion-clearfix\"><\/div><\/div><\/div><div  class=\"fusion-layout-column fusion_builder_column fusion_builder_column_3_5 fusion-builder-column-1 fusion-three-fifth fusion-column-first 3_5\"  style='margin-top:0px;margin-bottom:20px;width:58.4%; margin-right: 4%;'><div class=\"fusion-column-wrapper\" style=\"background-position:left top;background-repeat:no-repeat;-webkit-background-size:cover;-moz-background-size:cover;-o-background-size:cover;background-size:cover;\"   data-bg-url=\"\"><div class=\"fusion-column-content-centered\"><div class=\"fusion-column-content\">\n<h3>Impressum<\/h3>\n<h4>Angaben gem\u00e4\u00df \u00a7 5 TMG:<\/h4>\n<h5>Redaktion<\/h5>\n<p>Verantwortlich f\u00fcr diese Seiten (auch inhaltlich verantwortlich gem\u00e4\u00df \u00a7 55 Abs. 2 RStV) zeichnet <a href=\"http:\/\/www.geisteswissenschaften.fu-berlin.de\/we07\/institut\/mitarbeiter\/tedjasukmana\/index.html\" target=\"_blank\" rel=\"noopener noreferrer\">Dr. Chris Tedjasukmana<\/a><\/p>\n<p>Univ. Prof. Dr. Chris Tedjasukmana<br class=\"\" \/><span class=\"\">Professur\u00a0f\u00fcr Alltagsmedien und\u00a0Digitale Kulturen<\/span><br class=\"\" \/><br class=\"\" \/><span class=\"\">Johannes Gutenberg-Universit\u00e4t\u00a0Mainz<\/span><br class=\"\" \/><span class=\"\">Fachbereich 05: Philosophie und\u00a0Philologie<\/span><br class=\"\" \/><span class=\"\">Institut f\u00fcr Film-, Theater-, Medien-\u00a0und Kulturwissenschaft<\/span><br class=\"\" \/><span class=\"\">Medienhaus, Wallstr. 11, 55122 Mainz<\/span><\/p>\n<h5>Kontakt:<\/h5>\n<p><b>Telefon:<\/b> eine aktuelle Nummer finden Sie <a href=\"http:\/\/www.geisteswissenschaften.fu-berlin.de\/we07\/institut\/mitarbeiter\/tedjasukmana\/index.html\" target=\"_blank\" rel=\"noopener noreferrer\">hier<\/a><br \/>\n<b>E-Mail: <\/b><a href=\"mailto:tedjasukmana@uni-mainz.de\">tedjasukmana@uni-mainz.de<\/a><\/p>\n<p>Bei Fragen und Hinweisen technischer Natur wenden Sie sich bitte an <a href=\"mailto:raphael.flechtner@fu-berlin.de\" target=\"_blank\" rel=\"noopener noreferrer\">Raphael Flechtner<\/a><\/p>\n<h3>Haftungsausschluss (Disclaimer)<\/h3>\n<h5><strong>Haftung f\u00fcr Inhalte<\/strong><\/h5>\n<p>Als Diensteanbieter sind wir gem\u00e4\u00df \u00a7 7 Abs.1 TMG f\u00fcr eigene Inhalte auf diesen Seiten nach den allgemeinen Gesetzen verantwortlich. Nach \u00a7\u00a7 8 bis 10 TMG sind wir als Diensteanbieter jedoch nicht verpflichtet, \u00fcbermittelte oder gespeicherte fremde Informationen zu \u00fcberwachen oder nach Umst\u00e4nden zu forschen, die auf eine rechtswidrige T\u00e4tigkeit hinweisen. Verpflichtungen zur Entfernung oder Sperrung der Nutzung von Informationen nach den allgemeinen Gesetzen bleiben hiervon unber\u00fchrt. Eine diesbez\u00fcgliche Haftung ist jedoch erst ab dem Zeitpunkt der Kenntnis einer konkreten Rechtsverletzung m\u00f6glich. Bei Bekanntwerden von entsprechenden Rechtsverletzungen werden wir diese Inhalte umgehend entfernen.<\/p>\n<h5><strong>Haftung f\u00fcr Links<\/strong><\/h5>\n<p>Unser Angebot enth\u00e4lt Links zu externen Webseiten Dritter, auf deren Inhalte wir keinen Einfluss haben. Deshalb k\u00f6nnen wir f\u00fcr diese fremden Inhalte auch keine Gew\u00e4hr \u00fcbernehmen. F\u00fcr die Inhalte der verlinkten Seiten ist stets der jeweilige Anbieter oder Betreiber der Seiten verantwortlich. Die verlinkten Seiten wurden zum Zeitpunkt der Verlinkung auf m\u00f6gliche Rechtsverst\u00f6\u00dfe \u00fcberpr\u00fcft. Rechtswidrige Inhalte waren zum Zeitpunkt der Verlinkung nicht erkennbar. Eine permanente inhaltliche Kontrolle der verlinkten Seiten ist jedoch ohne konkrete Anhaltspunkte einer Rechtsverletzung nicht zumutbar. Bei Bekanntwerden von Rechtsverletzungen werden wir derartige Links umgehend entfernen.<\/p>\n<h5><strong>Urheberrecht<\/strong><\/h5>\n<p>Die durch die Seitenbetreiber erstellten Inhalte und Werke auf diesen Seiten unterliegen dem deutschen Urheberrecht. Die Vervielf\u00e4ltigung, Bearbeitung, Verbreitung und jede Art der Verwertung au\u00dferhalb der Grenzen des Urheberrechtes bed\u00fcrfen der schriftlichen Zustimmung des jeweiligen Autors bzw. Erstellers. Downloads und Kopien dieser Seite sind nur f\u00fcr den privaten, nicht kommerziellen Gebrauch gestattet. Soweit die Inhalte auf dieser Seite nicht vom Betreiber erstellt wurden, werden die Urheberrechte Dritter beachtet. Insbesondere werden Inhalte Dritter als solche gekennzeichnet. Sollten Sie trotzdem auf eine Urheberrechtsverletzung aufmerksam werden, bitten wir um einen entsprechenden Hinweis. Bei Bekanntwerden von Rechtsverletzungen werden wir derartige Inhalte umgehend entfernen.<\/p>\n<h3>Datenschutzerkl\u00e4rung<\/h3>\n<p><a href=\"https:\/\/videoactivism.net\/about\/datenschutzerklaerung\/\">&gt; Link<\/a> zur Datenschutzerkl\u00e4rung<\/p>\n<\/div><\/div><div class=\"fusion-clearfix\"><\/div><\/div><\/div> <div  class=\"fusion-layout-column fusion_builder_column fusion_builder_column_1_5 fusion-builder-column-2 fusion-one-fifth fusion-no-small-visibility 1_5\"  style='margin-top:0px;margin-bottom:20px;'><div class=\"fusion-column-wrapper\" style=\"background-position:left top;background-repeat:no-repeat;-webkit-background-size:cover;-moz-background-size:cover;-o-background-size:cover;background-size:cover;\"   data-bg-url=\"\"><div class=\"fusion-clearfix\"><\/div><\/div><\/div><div  class=\"fusion-layout-column fusion_builder_column fusion_builder_column_1_1 fusion-builder-column-3 fusion-one-full fusion-column-last fusion-column-no-min-height 1_1\"  style='margin-top:0px;margin-bottom:0px;'><div class=\"fusion-column-wrapper\" style=\"background-position:left top;background-repeat:no-repeat;-webkit-background-size:cover;-moz-background-size:cover;-o-background-size:cover;background-size:cover;\"   data-bg-url=\"\"><div class=\"fusion-clearfix\"><\/div><\/div><\/div><\/div><\/div><\/p>","protected":false},"excerpt":{"rendered":"","protected":false},"author":9,"featured_media":0,"parent":279,"menu_order":7,"comment_status":"closed","ping_status":"closed","template":"","meta":[],"_links":{"self":[{"href":"https:\/\/videoactivism.net\/en\/wp-json\/wp\/v2\/pages\/110"}],"collection":[{"href":"https:\/\/videoactivism.net\/en\/wp-json\/wp\/v2\/pages"}],"about":[{"href":"https:\/\/videoactivism.net\/en\/wp-json\/wp\/v2\/types\/page"}],"author":[{"embeddable":true,"href":"https:\/\/videoactivism.net\/en\/wp-json\/wp\/v2\/users\/9"}],"replies":[{"embeddable":true,"href":"https:\/\/videoactivism.net\/en\/wp-json\/wp\/v2\/comments?post=110"}],"version-history":[{"count":32,"href":"https:\/\/videoactivism.net\/en\/wp-json\/wp\/v2\/pages\/110\/revisions"}],"predecessor-version":[{"id":2702,"href":"https:\/\/videoactivism.net\/en\/wp-json\/wp\/v2\/pages\/110\/revisions\/2702"}],"up":[{"embeddable":true,"href":"https:\/\/videoactivism.net\/en\/wp-json\/wp\/v2\/pages\/279"}],"wp:attachment":[{"href":"https:\/\/videoactivism.net\/en\/wp-json\/wp\/v2\/media?parent=110"}],"curies":[{"name":"wp","href":"https:\/\/api.w.org\/{rel}","templated":true}]}}