{"id":1834,"date":"2018-06-01T22:56:45","date_gmt":"2018-06-01T20:56:45","guid":{"rendered":"https:\/\/videoactivism.net\/?page_id=1834"},"modified":"2019-07-31T18:16:57","modified_gmt":"2019-07-31T16:16:57","slug":"datenschutzerklaerung","status":"publish","type":"page","link":"https:\/\/videoactivism.net\/en\/about\/datenschutzerklaerung\/","title":{"rendered":"Datenschutzerkl\u00e4rung"},"content":{"rendered":"<p class=\"qtranxs-available-languages-message qtranxs-available-languages-message-en\">Sorry, this entry is only available in German.<\/p><p><div class=\"fusion-fullwidth fullwidth-box fusion-builder-row-1 hundred-percent-fullwidth non-hundred-percent-height-scrolling\"  style='background-color: #ffffff;background-position: center center;background-repeat: no-repeat;padding-top:0px;padding-right:0px;padding-bottom:0px;padding-left:0px;'><div class=\"fusion-builder-row fusion-row \"><div  class=\"fusion-layout-column fusion_builder_column fusion_builder_column_1_1 fusion-builder-column-0 fusion-one-full fusion-column-first fusion-column-last fusion-column-no-min-height 1_1\"  style='margin-top:0px;margin-bottom:0px;'><div class=\"fusion-column-wrapper\" style=\"padding: 0px 0px 0px 0px;background-position:left top;background-repeat:no-repeat;-webkit-background-size:cover;-moz-background-size:cover;-o-background-size:cover;background-size:cover;\"   data-bg-url=\"\"><div class=\"fusion-text fusion-text-split-columns fusion-text-columns-2\" style=\" -webkit-column-count:2; -webkit-column-gap:2em; -webkit-column-width:100px; -moz-column-count:2; -moz-column-gap:2em; -moz-column-width:100px; column-count:2; column-gap:2em; column-width:100px;\"><h2>Wer wir sind<\/h2>\n<p>Die Website <strong>https:\/\/videoactivism.net<\/strong> ist eine Publikation des Forschungsprojektes &#8220;Bewegungsbilder 2.0&#8221;, eine Kooperation zwischen Prof. Dr. Jens Eder (Filmuniversit\u00e4t Babelsberg Konrad Wolf), Prof. Dr. Britta Hartmann (Universit\u00e4t Bonn) und Dr. Chris Tedjasukmana (Freie Universit\u00e4t Berlin).<\/p>\n<p><span class=\"tsmcontroller\">Verantwortlich f\u00fcr diese Seiten (auch inhaltlich verantwortlich gem\u00e4\u00df \u00a7 55 Abs. 2 RStV) zeichnet<br \/>\nDr. Chris Tedjasukmana<br \/>\nFreie Universit\u00e4t Berlin<br \/>\nSeminar f\u00fcr Filmwissenschaft<br \/>\nGrunewaldstr. 35<br \/>\n12165 Berlin<\/span><\/p>\n<p>Link zum Impressum: <a href=\"https:\/\/videoactivism.net\/de\/about\/impressum\/\">https:\/\/videoactivism.net\/de\/about\/impressum\/<\/a><\/p>\n<p>Mehr Informationen zum Projekt k\u00f6nnen Sie <a href=\"https:\/\/videoactivism.net\/about\/\">hier<\/a> aufrufen.<\/p>\n<p>Bei jeglichen datenschutzrechtlichen Anliegen und Fragen schreiben Sie uns bitte \u00fcber das <a href=\"https:\/\/videoactivism.net\/about\/team\/\">Kontaktformular.<\/a><\/p>\n<h2>Welche personenbezogenen Daten wir sammeln und warum wir sie sammeln<\/h2>\n<h5>Beim Navigieren unserer Seiten<\/h5>\n<p>Um unsere Seiten vor Angriffen zu sch\u00fctzen, welche bei Erfolg Schadcode und Fremdlinks in unsere Inhalte einschleusen k\u00f6nnten, nutzen wir den Drittanbieter-Service &#8220;WordFence&#8221; von <strong>Defiant, Inc.<\/strong>,\u00a0800 5th Ave Ste 4100, Seattle, WA 98104. Zu diesem Zweck haben wir einen &#8220;Auftragsverarbeitungsvertrag&#8221; mit <strong>Defiant, Inc.<\/strong> geschlossen. Dieser stellt sicher, dass sich die Vearbeitung s\u00e4mtlicher zu diesem Zwecke verarbeiteten Daten im gesetzlichen Rahmen des DSVGO bewegt. Sie k\u00f6nnen diese Vereinbarung <a href=\"https:\/\/www.wordfence.com\/gdpr\/dpa.pdf\">hier<\/a> einsehen.<\/p>\n<p>Folgende Daten k\u00f6nnen ggf. beim Besuchen unserer Seiten an Defiant, Inc. und deren im Auftragsverarbeitungsvertrag genannte Dienstleister \u00fcbermittelt werden:<\/p>\n<p>IP-Adresse, Zeitpunkt und Herkunft der Anfrage (Internet Service Provider, Netzinformationen, Ursprungsland oder -Stadt der Anfrage), aufgerufene URL und Weiterleitungs bzw. Suchanfrageninformationen, Modell und Hersteller des Endger\u00e4ts sowie Versioninformationen von Betriebssystem und Browser, Zeitzone und Spracheinstellungen.<\/p>\n<p>Solche Aufzeichnungen von potentiellen Angriffen werden von Defiant, Inc. im Regelfall nach sp\u00e4testens 90 Tagen gel\u00f6scht. Geht von einem Nutzer oder Endger\u00e4t eine andauernde Bedrohung aus, k\u00f6nnen bestimmte Daten l\u00e4nger gespeichert werden, zum Beispiel in Form einer IP-Blacklist.<\/p>\n<h5>Kontaktformulare<\/h5>\n<p>Wenn Sie uns per Kontaktformular Anfragen zukommen lassen, werden uns Ihre Angaben aus dem Anfrageformular inklusive der von Ihnen dort angegebenen Kontaktdaten als Email \u00fcbertragen. In dieser Form werden diese Daten zwecks Bearbeitung der Anfrage und f\u00fcr den Fall von Anschlussfragen bei uns gespeichert. Diese Daten geben wir nicht ohne Ihre Einwilligung weiter.<\/p>\n<h5>Cookies<\/h5>\n<p>Wir verwenden Cookies, um die von Ihnen gew\u00e4hlte Spracheinstellung f\u00fcr unsere Seiten zu speichern. Diese bleiben bis zu einem Jahr in Ihrem Browser gespeichert. So wird beim n\u00e4chsten Besuch unsere Seite wieder in der gew\u00e4hlten Sprache angezeigt.<\/p>\n<p>Wir betten in unseren Seiten zum Teil Video-Inhalte anderer Webseiten wie YouTube.com und vimeo.com ein, welche ihrerseits Cookies setzen k\u00f6nnen. Lesen Sie dazu den Abschnitt &#8220;Eingebettete Inhalte von anderen Websites&#8221;.<\/p>\n<p>Ein genereller Widerspruch gegen den Einsatz der zu Zwecken des Onlinemarketing eingesetzten Cookies kann bei einer Vielzahl der Dienste, vor allem im Fall des Trackings, \u00fcber die US-amerikanische Seite <a href=\"http:\/\/www.aboutads.info\/choices\/\">http:\/\/www.aboutads.info\/choices\/<\/a> oder die EU-Seite <a href=\"http:\/\/www.youronlinechoices.com\/\">http:\/\/www.youronlinechoices.com\/<\/a> erkl\u00e4rt werden. Sie k\u00f6nnen Ihren Browser au\u00dferdem so einstellen, dass Sie \u00fcber das Setzen von Cookies informiert werden und Cookies nur im Einzelfall erlauben, die Annahme von Cookies f\u00fcr bestimmte F\u00e4lle oder generell ausschlie\u00dfen sowie das automatische L\u00f6schen der Cookies beim Schlie\u00dfen des Browser aktivieren. Bei der Deaktivierung von Cookies kann die Funktionalit\u00e4t dieser Website eingeschr\u00e4nkt sein.<\/p>\n<h2 id=\"dsg-thirdparty-einleitung\">Einbindung von Diensten und Inhalten Dritter<\/h2>\n<h5>Video-Streaming<\/h5>\n<p>Einige Beitr\u00e4ge auf dieser Website enthalten eingebettete Inhalte, vor allem Videos, die auf YouTube.com (ein Dienst von <span class=\"ts-muster-content\"><strong>Google LLC<\/strong>, 1600 Amphitheatre Parkway, Mountain View, CA 94043, USA<\/span>) und vimeo.com (ein Dienst von <strong>Vimeo, Inc., <\/strong>555 West 18th Street, New York 10011) gehostet werden. Eingebettete Inhalte von anderen Websites verhalten sich exakt so, als ob der Besucher die andere Website besucht h\u00e4tte.<\/p>\n<p>Diese Websites k\u00f6nnen Daten \u00fcber Sie sammeln, Cookies benutzen, zus\u00e4tzliche Tracking-Dienste von Dritten einbetten und Ihre Interaktion mit diesem eingebetteten Inhalt aufzeichnen, inklusive der Interaktion mit dem eingebetteten Inhalt, falls Sie ein Konto haben und auf dieser Website angemeldet sind.<\/p>\n<p>F\u00fcr die Erhebung und Verarbeitung dieser Daten ist der Anbieter der eingebetteten Inhalte verantwortlich. Informationen, welche Daten durch diese erhoben und welche Cookies genutzt werden, finden Sie in den Datenschutzerkl\u00e4rungen des jeweiligen Anbieters.<\/p>\n<h6 id=\"dsg-thirdparty-vimeo\" data-fontsize=\"20\" data-lineheight=\"26\">Vimeo<\/h6>\n<p><span class=\"ts-muster-content\">Vimeo Inc., Attention: Legal Department, 555 West 18th Street New York, New York 10011, USA<\/span>.<\/p>\n<p><span class=\"ts-muster-content\">Datenschutzerkl\u00e4rung: <a href=\"https:\/\/vimeo.com\/privacy\" target=\"_blank\" rel=\"noopener noreferrer\">https:\/\/vimeo.com\/privacy<\/a>. <\/span><\/p>\n<p><span class=\"ts-muster-content\">Wir weisen darauf hin, dass Vimeo Google Analytics einsetzen kann und verweisen hierzu auf die Datenschutzerkl\u00e4rung (<a href=\"https:\/\/www.google.com\/policies\/privacy\" target=\"_blank\" rel=\"noopener noreferrer\">https:\/\/www.google.com\/policies\/privacy<\/a>) sowie Opt-Out-M\u00f6glichkeiten f\u00fcr Google-Analytics (<a href=\"http:\/\/tools.google.com\/dlpage\/gaoptout?hl=de\" target=\"_blank\" rel=\"noopener noreferrer\">http:\/\/tools.google.com\/dlpage\/gaoptout?hl=de<\/a>) oder die Einstellungen von Google f\u00fcr die Datennutzung zu Marketingzwecken (<a href=\"https:\/\/adssettings.google.com\/\" target=\"_blank\" rel=\"noopener noreferrer\">https:\/\/adssettings.google.com\/.<\/a>).<\/span><\/p>\n<h6 id=\"dsg-thirdparty-youtube\" data-fontsize=\"20\" data-lineheight=\"26\">Youtube<\/h6>\n<p><span class=\"ts-muster-content\">Anbieter Google LLC, 1600 Amphitheatre Parkway, Mountain View, CA 94043, USA.<\/span><\/p>\n<p><span class=\"ts-muster-content\"> Datenschutzerkl\u00e4rung: <a href=\"https:\/\/www.google.com\/policies\/privacy\/\" target=\"_blank\" rel=\"noopener noreferrer\">https:\/\/www.google.com\/policies\/privacy\/<\/a><\/span><\/p>\n<p><span class=\"ts-muster-content\">Opt-Out: <a href=\"https:\/\/adssettings.google.com\/authenticated\" target=\"_blank\" rel=\"noopener noreferrer\">https:\/\/adssettings.google.com\/authenticated<\/a>.<\/span><\/p>\n<h5 id=\"dsg-thirdparty-googlerecaptcha\">Google ReCaptcha<\/h5>\n<p><span class=\"ts-muster-content\">Um unser Kontaktformular vor Spam-Nachrichten zu sch\u00fctzen, binden wir &#8220;ReCaptcha&#8221;, eine Funktion zur Erkennung von Bots des Anbieters <strong>Google LLC<\/strong>, 1600 Amphitheatre Parkway, Mountain View, CA 94043, USA, ein. Datenschutzerkl\u00e4rung: <a href=\"https:\/\/www.google.com\/policies\/privacy\/\" target=\"_blank\" rel=\"noopener noreferrer\">https:\/\/www.google.com\/policies\/privacy\/<\/a>, Opt-Out: <a href=\"https:\/\/adssettings.google.com\/authenticated\" target=\"_blank\" rel=\"noopener noreferrer\">https:\/\/adssettings.google.com\/authenticated<\/a>.<\/span><\/p>\n<h2>Welche Rechte Sie an Ihren Daten haben<\/h2>\n<p>Sie haben das Recht, eine Best\u00e4tigung dar\u00fcber zu verlangen, ob betreffende Daten verarbeitet werden und auf Auskunft \u00fcber diese Daten sowie auf weitere Informationen und Kopie der Daten entsprechend Art. 15 DSGVO.<\/p>\n<p>Sie haben entsprechend. Art. 16 DSGVO das Recht, die Vervollst\u00e4ndigung der Sie betreffenden Daten oder die Berichtigung der Sie betreffenden unrichtigen Daten zu verlangen.<\/p>\n<p>Sie haben nach Ma\u00dfgabe des Art. 17 DSGVO das Recht zu verlangen, dass betreffende Daten unverz\u00fcglich gel\u00f6scht werden, bzw. alternativ nach Ma\u00dfgabe des Art. 18 DSGVO eine Einschr\u00e4nkung der Verarbeitung der Daten zu verlangen.<\/p>\n<p>Sie haben das Recht zu verlangen, dass die Sie betreffenden Daten, die Sie uns bereitgestellt haben nach Ma\u00dfgabe des Art. 20 DSGVO zu erhalten und deren \u00dcbermittlung an andere Verantwortliche zu fordern.<\/p>\n<p>Sie haben ferner gem. Art. 77 DSGVO das Recht, eine Beschwerde bei der zust\u00e4ndigen Aufsichtsbeh\u00f6rde einzureichen.<\/p>\n<p>Sie haben das Recht, erteilte Einwilligungen gem. Art. 7 Abs. 3 DSGVO mit Wirkung f\u00fcr die Zukunft zu widerrufen<\/p>\n<p>Sie k\u00f6nnen der k\u00fcnftigen Verarbeitung der Sie betreffenden Daten nach Ma\u00dfgabe des Art. 21 DSGVO jederzeit widersprechen. Der Widerspruch kann insbesondere gegen die Verarbeitung f\u00fcr Zwecke der Direktwerbung erfolgen.<\/p>\n<\/div><div class=\"fusion-clearfix\"><\/div><\/div><\/div><\/div><\/div><\/p>","protected":false},"excerpt":{"rendered":"","protected":false},"author":9,"featured_media":0,"parent":279,"menu_order":0,"comment_status":"closed","ping_status":"closed","template":"","meta":[],"_links":{"self":[{"href":"https:\/\/videoactivism.net\/en\/wp-json\/wp\/v2\/pages\/1834"}],"collection":[{"href":"https:\/\/videoactivism.net\/en\/wp-json\/wp\/v2\/pages"}],"about":[{"href":"https:\/\/videoactivism.net\/en\/wp-json\/wp\/v2\/types\/page"}],"author":[{"embeddable":true,"href":"https:\/\/videoactivism.net\/en\/wp-json\/wp\/v2\/users\/9"}],"replies":[{"embeddable":true,"href":"https:\/\/videoactivism.net\/en\/wp-json\/wp\/v2\/comments?post=1834"}],"version-history":[{"count":21,"href":"https:\/\/videoactivism.net\/en\/wp-json\/wp\/v2\/pages\/1834\/revisions"}],"predecessor-version":[{"id":2124,"href":"https:\/\/videoactivism.net\/en\/wp-json\/wp\/v2\/pages\/1834\/revisions\/2124"}],"up":[{"embeddable":true,"href":"https:\/\/videoactivism.net\/en\/wp-json\/wp\/v2\/pages\/279"}],"wp:attachment":[{"href":"https:\/\/videoactivism.net\/en\/wp-json\/wp\/v2\/media?parent=1834"}],"curies":[{"name":"wp","href":"https:\/\/api.w.org\/{rel}","templated":true}]}}